{"id":228,"date":"2024-10-13T22:28:36","date_gmt":"2024-10-13T20:28:36","guid":{"rendered":"https:\/\/lokomotivbisztro.hu\/?page_id=228"},"modified":"2024-10-14T12:32:28","modified_gmt":"2024-10-14T10:32:28","slug":"rolunk","status":"publish","type":"page","link":"https:\/\/lokomotivbisztro.hu\/?page_id=228","title":{"rendered":"R\u00f3lunk"},"content":{"rendered":"\n    \n    <section class=\"u-clearfix u-expanded-width-xl u-image u-shading u-section-2\" id=\"sec-6ad2\" data-image-width=\"5760\" data-image-height=\"3840\" style=\"background-image: linear-gradient(0deg, rgba(0, 0, 0, 0.5), rgba(0, 0, 0, 0.5)), url(&quot;https:\/\/lokomotivbisztro.hu\/wp-content\/uploads\/2024\/10\/kpekv_39.jpg&quot;);\">\n      <div class=\"u-clearfix u-sheet u-valign-middle-md u-valign-middle-xl u-sheet-1\">\n        <div class=\"u-expanded-height-lg u-expanded-height-xl u-palette-2-base u-shape u-shape-rectangle u-shape-1\"><\/div>\n        <div class=\"custom-expanded data-layout-selected u-clearfix u-gutter-22 u-layout-wrap u-layout-wrap-1\">\n          <div class=\"u-gutter-0 u-layout\">\n            <div class=\"u-layout-row\">\n              <div class=\"u-size-25-sm u-size-25-xl u-size-25-xs u-size-26-lg u-size-60-md\">\n                <div class=\"u-layout-col\">\n                  <div class=\"u-align-center u-container-align-center u-container-style u-layout-cell u-size-60 u-layout-cell-1\" data-href=\"#\">\n                    <div class=\"u-container-layout u-container-layout-1\">\n                      <h2 class=\"u-align-center u-text u-text-default u-text-1\"> Kedves vend\u00e9geink<\/h2>\n                      <h6 class=\"u-align-center u-text u-text-2\">&nbsp; &nbsp;C\u00e9g\u00fcnk 20 \u00e9ves tapasztalattal b\u00edr a street-food vend\u00e9gl\u00e1t\u00e1s\nter\u00e9n \u00e9s azzal a rem\u00e9nnyel&nbsp;\nnyitottuk meg \u00faj \u00fczlet\u00fcnket a szolnoki vas\u00fat\u00e1llom\u00e1son hogy a\nkedves \u00e1tutaz\u00f3 vend\u00e9gek egy ig\u00e9nyes min\u0151s\u00e9gi vend\u00e9gl\u00e1t\u00f3helyen t\u00f6lthess\u00e9k el az\nidej\u00fcket utaz\u00e1s k\u00f6zben vagy v\u00e1rakoz\u00e1skor, vagy esetleg ak\u00e1r a v\u00e1rosb\u00f3l egy\n\u00e9tkez\u00e9s alkalm\u00e1ra.&nbsp;\nA helyet azzal a sz\u00e1nd\u00e9kkal nyitottuk \u00e9s nagy\nodaad\u00e1ssal&nbsp;rendezt\u00fck be hogy bebizony\u00edtsuk hogy egy vas\u00fat\u00e1llom\u00e1son is van\nig\u00e9ny a min\u0151s\u00e9gi alapanyagokb\u00f3l&nbsp;elk\u00e9sz\u00edtett&nbsp;\u00e9telekre \u00e9s&nbsp;\nitalokra.\nHozz\u00e1nk bet\u00e9rve a kedves vend\u00e9gek nem csak min\u0151s\u00e9gi \u00e9s\n\u00fajragondolt \u00e9teleket hanem&nbsp; min\u0151s\u00e9gi&nbsp;italokat is\nfogyaszthatnak.&nbsp;\nV\u00e1rjuk kedves vend\u00e9geinket hozz\u00e1nk \u00e9s higgy\u00e9k el nem fognak\ncsal\u00f3dni sem a min\u0151s\u00e9gben&nbsp;sem a mennyis\u00e9gben.&nbsp; <\/h6>\n                    <\/div>\n                  <\/div>\n                <\/div>\n              <\/div>\n              <div class=\"u-size-34-lg u-size-35-sm u-size-35-xl u-size-35-xs u-size-60-md\">\n                <div class=\"u-layout-col\">\n                  <div class=\"u-size-40\">\n                    <div class=\"u-layout-row\">\n                      <div class=\"u-align-center u-container-align-center u-container-style u-layout-cell u-size-60 u-layout-cell-2\" data-href=\"#\">\n                        <div class=\"u-container-layout u-container-layout-2\">\n                          <h2 class=\"u-text u-text-default u-text-3\">FEL\u00cdRATKOZ\u00c1S<\/h2>\n                          <h6 class=\"u-text u-text-4\">hogy \u00e9rtes\u00fclhess \u00fajodons\u00e1gainkr\u00f3l<\/h6>\n                          <div class=\"u-expanded-width u-form u-form-1\">\n                            <form action=\"https:\/\/lokomotivbisztro.us17.list-manage.com\/subscribe\/post?u=a17d18d2f758e834de67bd322&amp;amp;id=1079eca44d&amp;amp;f_id=00c41ce1f0\" class=\"u-clearfix u-form-horizontal u-form-spacing-24 u-inner-form\" style=\"padding: 24px;\" source=\"mailchimp\" name=\"form\">\n                              <div class=\"u-form-email u-form-group\">\n                                <label for=\"email-3b9a\" class=\"u-label\">Email<\/label>\n                                <input type=\"email\" placeholder=\"Add meg a legjobb mail c\u00edmed\" id=\"email-3b9a\" name=\"email\" class=\"u-border-2 u-border-no-left u-border-no-right u-border-no-top u-border-palette-2-light-3 u-input u-input-rectangle u-input-1\" required=\"\">\n                              <\/div>\n                              <div class=\"u-align-left u-form-group u-form-submit\">\n                                <a href=\"#\" class=\"u-active-white u-border-none u-btn u-btn-round u-btn-submit u-button-style u-hover-palette-1-base u-palette-2-base u-radius u-text-active-black u-text-hover-black u-btn-1\">Elk\u00fcld<\/a>\n                                <input type=\"submit\" value=\"submit\" class=\"u-form-control-hidden\">\n                              <\/div>\n                              <div class=\"u-form-send-message u-form-send-success\"> Thank you! Your message has been sent. <\/div>\n                              <div class=\"u-form-send-error u-form-send-message\"> Unable to send your message. Please fix errors then try again. <\/div>\n                              <input type=\"hidden\" value=\"\" name=\"recaptchaResponse\">\n                            <\/form>\n                          <\/div>\n                        <\/div>\n                      <\/div>\n                    <\/div>\n                  <\/div>\n                  <div class=\"u-size-20\">\n                    <div class=\"u-layout-row\">\n                      <div class=\"u-align-center-sm u-align-center-xs u-align-right-lg u-align-right-md u-align-right-xl u-container-style u-layout-cell u-size-30 u-layout-cell-3\">\n                        <div class=\"u-container-layout u-valign-bottom-lg u-valign-bottom-md u-valign-bottom-sm u-valign-bottom-xs u-valign-middle-xl u-container-layout-3\">\n                          <h2 class=\"u-text u-text-5\">Hely<\/h2>\n                          <p class=\"u-text u-text-6\">Szolnok Vas\u00fat\u00e1llom\u00e1s <\/p>\n                          <p class=\"u-text u-text-7\">5000 Szolnok Jubileumi t\u00e9r 1-3.&nbsp;<\/p>\n                        <\/div>\n                      <\/div>\n                      <div class=\"u-align-center-sm u-align-center-xs u-align-right-lg u-align-right-md u-align-right-xl u-container-style u-layout-cell u-size-30 u-layout-cell-4\">\n                        <div class=\"u-container-layout u-container-layout-4\">\n                          <h2 class=\"u-text u-text-8\">K\u00d6VESS MINKET <\/h2>\n                          <div class=\"u-social-icons u-spacing-20 u-social-icons-1\">\n                            <a class=\"u-social-url\" target=\"_blank\" href=\"https:\/\/www.facebook.com\/lokomotivbisztro\" title=\"https:\/\/www.facebook.com\/lokomotivbisztro\"><span class=\"u-icon u-icon-circle u-social-facebook u-social-icon u-icon-1\"><svg class=\"u-svg-link\" preserveAspectRatio=\"xMidYMin slice\" viewBox=\"0 0 112.2 112.2\" style=\"\"><use xlink:href=\"#svg-bae3\"><\/use><\/svg><svg xmlns=\"http:\/\/www.w3.org\/2000\/svg\" xmlns:xlink=\"http:\/\/www.w3.org\/1999\/xlink\" version=\"1.1\" xml:space=\"preserve\" class=\"u-svg-content\" viewBox=\"0 0 112.2 112.2\" x=\"0px\" y=\"0px\" id=\"svg-bae3\" style=\"enable-background:new 0 0 112.2 112.2;\"><path d=\"M56.1,0C25.1,0,0,25.1,0,56.1c0,31,25.1,56.1,56.1,56.1c31,0,56.1-25.1,56.1-56.1C112.2,25.1,87.1,0,56.1,0z M71.6,34.3h-8.2c-1.3,0-3.2,0.7-3.2,3.5v7.6h11.3l-1.3,12.9h-10V95H45V58.3h-7.2V45.4H45v-8.3c0-6,2.8-15.3,15.3-15.3l11.2,0V34.3z \"><\/path><\/svg>\n                        \n                        \n                      <\/span>\n                            <\/a>\n                            <a class=\"u-social-url\" target=\"_blank\" href=\"\"><span class=\"u-icon u-icon-circle u-social-icon u-social-twitter u-icon-2\"><svg class=\"u-svg-link\" preserveAspectRatio=\"xMidYMin slice\" viewBox=\"0 0 112.2 112.2\" style=\"\"><use xlink:href=\"#svg-7dc9\"><\/use><\/svg><svg xmlns=\"http:\/\/www.w3.org\/2000\/svg\" xmlns:xlink=\"http:\/\/www.w3.org\/1999\/xlink\" version=\"1.1\" xml:space=\"preserve\" class=\"u-svg-content\" viewBox=\"0 0 112.2 112.2\" x=\"0px\" y=\"0px\" id=\"svg-7dc9\" style=\"enable-background:new 0 0 112.2 112.2;\"><path d=\"M56.1,0C25.1,0,0,25.1,0,56.1s25.1,56.1,56.1,56.1s56.1-25.1,56.1-56.1S87.1,0,56.1,0z M83.8,47.3 c0,0.6,0,1.2,0,1.7c0,17.7-13.5,38.2-38.2,38.2c-7.6,0-14.6-2.2-20.6-6c1,0.1,2.1,0.2,3.2,0.2c6.3,0,12.1-2.1,16.7-5.7 c-5.9-0.1-10.8-4-12.5-9.3c0.8,0.2,1.7,0.2,2.5,0.2c1.2,0,2.4-0.2,3.5-0.5c-6.1-1.2-10.8-6.7-10.8-13.1c0-0.1,0-0.1,0-0.2 c1.8,1,3.9,1.6,6.1,1.7c-3.6-2.4-6-6.5-6-11.2c0-2.5,0.7-4.8,1.8-6.7c6.6,8.1,16.5,13.5,27.6,14c-0.2-1-0.3-2-0.3-3.1 c0-7.4,6-13.4,13.4-13.4c3.9,0,7.3,1.6,9.8,4.2c3.1-0.6,5.9-1.7,8.5-3.3c-1,3.1-3.1,5.8-5.9,7.4c2.7-0.3,5.3-1,7.7-2.1 C88.7,43,86.4,45.4,83.8,47.3z\"><\/path><\/svg>\n                        \n                        \n                      <\/span>\n                            <\/a>\n                            <a class=\"u-social-url\" target=\"_blank\" href=\"\"><span class=\"u-icon u-icon-circle u-social-icon u-social-instagram u-icon-3\"><svg class=\"u-svg-link\" preserveAspectRatio=\"xMidYMin slice\" viewBox=\"0 0 112.2 112.2\" style=\"\"><use xlink:href=\"#svg-a531\"><\/use><\/svg><svg xmlns=\"http:\/\/www.w3.org\/2000\/svg\" xmlns:xlink=\"http:\/\/www.w3.org\/1999\/xlink\" version=\"1.1\" xml:space=\"preserve\" class=\"u-svg-content\" viewBox=\"0 0 112.2 112.2\" x=\"0px\" y=\"0px\" id=\"svg-a531\" style=\"enable-background:new 0 0 112.2 112.2;\"><path d=\"M56.1,0C25.1,0,0,25.1,0,56.1c0,31,25.1,56.1,56.1,56.1c31,0,56.1-25.1,56.1-56.1C112.2,25.1,87.1,0,56.1,0z M90.6,73.4c0,9.6-7.8,17.5-17.5,17.5H38.6c-9.6,0-17.5-7.9-17.5-17.6V38.8c0-9.6,7.8-17.5,17.5-17.5h34.5c9.6,0,17.5,7.8,17.5,17.5 V73.4z\"><\/path><path d=\"M73.1,28.9H38.6c-5.4,0-9.9,4.4-9.9,9.9v34.5c0,5.4,4.4,9.9,9.9,9.9h34.5c5.4,0,9.9-4.4,9.9-9.9V38.8 C83,33.4,78.6,28.9,73.1,28.9z M55.9,74C46,74,38,66,38,56.1c0-9.9,8-17.9,17.9-17.9c9.9,0,17.9,8,17.9,17.9 C73.8,66,65.8,74,55.9,74z M74.3,41.9c-2.3,0-4.2-1.9-4.2-4.2s1.9-4.2,4.2-4.2c2.3,0,4.2,1.9,4.2,4.2S76.6,41.9,74.3,41.9z\"><\/path><path d=\"M55.9,45.8c-5.7,0-10.4,4.6-10.3,10.3c0,5.7,4.6,10.3,10.3,10.3s10.3-4.6,10.3-10.3 C66.2,50.4,61.6,45.8,55.9,45.8z\"><\/path><\/svg>\n                        \n                        \n                      <\/span>\n                            <\/a>\n                            <a class=\"u-social-url\" target=\"_blank\" href=\"\"><span class=\"u-icon u-icon-circle u-social-google u-social-icon u-icon-4\"><svg class=\"u-svg-link\" preserveAspectRatio=\"xMidYMin slice\" viewBox=\"0 0 112.2 112.2\" style=\"\"><use xlink:href=\"#svg-aeb5\"><\/use><\/svg><svg xmlns=\"http:\/\/www.w3.org\/2000\/svg\" xmlns:xlink=\"http:\/\/www.w3.org\/1999\/xlink\" version=\"1.1\" xml:space=\"preserve\" class=\"u-svg-content\" viewBox=\"0 0 112.2 112.2\" x=\"0px\" y=\"0px\" id=\"svg-aeb5\" style=\"enable-background:new 0 0 112.2 112.2;\"><path d=\"M56.1,0C25.1,0,0,25.1,0,56.1s25.1,56.1,56.1,56.1c31,0,56.1-25.1,56.1-56.1S87.1,0,56.1,0z M60.1,73.8 c-5.7,7.4-16.3,9.5-24.9,6.6c-9.1-3-15.8-12.2-15.6-21.9c-0.5-11.9,10-22.9,21.9-23.1c6.1-0.5,12,1.8,16.6,5.7 c-1.9,2.1-3.8,4.1-5.9,6.1c-4.1-2.5-8.9-4.3-13.7-2.7c-7.6,2.2-12.3,11.2-9.4,18.7c2.3,7.8,11.8,12.1,19.3,8.8 c3.9-1.4,6.4-4.9,7.5-8.8c-4.4-0.1-8.8,0-13.3-0.2c0-2.6,0-5.2,0-7.9c7.4,0,14.7,0,22.1,0C65.2,61.8,64.2,68.7,60.1,73.8z M92.3,61.9c-2.2,0-4.4,0-6.6,0c0,2.2,0,4.4,0,6.6c-2.2,0-4.4,0-6.6,0c0-2.2,0-4.4,0-6.6c-2.2,0-4.4,0-6.6,0c0-2.2,0-4.4,0-6.6 c2.2,0,4.4,0,6.6,0c0-2.2,0-4.4,0.1-6.6c2.2,0,4.4,0,6.6,0c0,2.2,0,4.4,0,6.6c2.2,0,4.4,0,6.6,0C92.3,57.5,92.3,59.7,92.3,61.9z\"><\/path><\/svg>\n                        \n                        \n                      <\/span>\n                            <\/a>\n                          <\/div>\n                          <p class=\"u-text u-text-9\">\n                            <a class=\"u-active-none u-border-none u-btn u-button-link u-button-style u-hover-none u-none u-text-palette-1-base u-btn-2\" data-href=\"https:\/\/lokomotivbisztro.hu\/?page_id=232\">\u00a92024 Privacy policy<\/a>\n                          <\/p>\n                        <\/div>\n                      <\/div>\n                    <\/div>\n                  <\/div>\n                <\/div>\n              <\/div>\n            <\/div>\n          <\/div>\n        <\/div>\n      <\/div>\n    <\/section>\n    \n    \n    \n    \n  \n","protected":false},"excerpt":{"rendered":"<p>Kedves vend\u00e9geink &nbsp; &nbsp;C\u00e9g\u00fcnk 20 \u00e9ves tapasztalattal b\u00edr a street-food vend\u00e9gl\u00e1t\u00e1s ter\u00e9n \u00e9s azzal a rem\u00e9nnyel&nbsp; nyitottuk meg \u00faj \u00fczlet\u00fcnket a szolnoki vas\u00fat\u00e1llom\u00e1son hogy a kedves \u00e1tutaz\u00f3 vend\u00e9gek egy ig\u00e9nyes min\u0151s\u00e9gi vend\u00e9gl\u00e1t\u00f3helyen t\u00f6lthess\u00e9k el az idej\u00fcket utaz\u00e1s k\u00f6zben vagy v\u00e1rakoz\u00e1skor, vagy esetleg ak\u00e1r a v\u00e1rosb\u00f3l egy \u00e9tkez\u00e9s alkalm\u00e1ra.&nbsp; A helyet azzal a sz\u00e1nd\u00e9kkal nyitottuk \u00e9s &hellip; <a href=\"https:\/\/lokomotivbisztro.hu\/?page_id=228\" class=\"more-link\">Continue reading<span class=\"screen-reader-text\"> &#8222;R\u00f3lunk&#8221;<\/span><\/a><\/p>\n","protected":false},"author":1,"featured_media":0,"parent":0,"menu_order":2,"comment_status":"closed","ping_status":"closed","template":"","meta":{"footnotes":""},"class_list":["post-228","page","type-page","status-publish","hentry"],"yoast_head":"<!-- This site is optimized with the Yoast SEO plugin v25.2 - https:\/\/yoast.com\/wordpress\/plugins\/seo\/ -->\n<title>R\u00f3lunk - Lokomotiv Bisztr\u00f3 Szolnok<\/title>\n<meta name=\"robots\" content=\"index, follow, max-snippet:-1, max-image-preview:large, max-video-preview:-1\" \/>\n<link rel=\"canonical\" href=\"https:\/\/lokomotivbisztro.hu\/?page_id=228\" \/>\n<meta property=\"og:locale\" content=\"hu_HU\" \/>\n<meta property=\"og:type\" content=\"article\" \/>\n<meta property=\"og:title\" content=\"R\u00f3lunk - Lokomotiv Bisztr\u00f3 Szolnok\" \/>\n<meta property=\"og:description\" content=\"Kedves vend\u00e9geink &nbsp; &nbsp;C\u00e9g\u00fcnk 20 \u00e9ves tapasztalattal b\u00edr a street-food vend\u00e9gl\u00e1t\u00e1s ter\u00e9n \u00e9s azzal a rem\u00e9nnyel&nbsp; nyitottuk meg \u00faj \u00fczlet\u00fcnket a szolnoki vas\u00fat\u00e1llom\u00e1son hogy a kedves \u00e1tutaz\u00f3 vend\u00e9gek egy ig\u00e9nyes min\u0151s\u00e9gi vend\u00e9gl\u00e1t\u00f3helyen t\u00f6lthess\u00e9k el az idej\u00fcket utaz\u00e1s k\u00f6zben vagy v\u00e1rakoz\u00e1skor, vagy esetleg ak\u00e1r a v\u00e1rosb\u00f3l egy \u00e9tkez\u00e9s alkalm\u00e1ra.&nbsp; A helyet azzal a sz\u00e1nd\u00e9kkal nyitottuk \u00e9s &hellip; Continue reading &quot;R\u00f3lunk&quot;\" \/>\n<meta property=\"og:url\" content=\"https:\/\/lokomotivbisztro.hu\/?page_id=228\" \/>\n<meta property=\"og:site_name\" content=\"Lokomotiv Bisztr\u00f3 Szolnok\" \/>\n<meta property=\"article:publisher\" content=\"https:\/\/www.facebook.com\/lokomotivbisztro\" \/>\n<meta property=\"article:modified_time\" content=\"2024-10-14T10:32:28+00:00\" \/>\n<meta name=\"twitter:card\" content=\"summary_large_image\" \/>\n<meta name=\"twitter:label1\" content=\"Becs\u00fclt olvas\u00e1si id\u0151\" \/>\n\t<meta name=\"twitter:data1\" content=\"1 perc\" \/>\n<script type=\"application\/ld+json\" class=\"yoast-schema-graph\">{\"@context\":\"https:\/\/schema.org\",\"@graph\":[{\"@type\":\"WebPage\",\"@id\":\"https:\/\/lokomotivbisztro.hu\/?page_id=228\",\"url\":\"https:\/\/lokomotivbisztro.hu\/?page_id=228\",\"name\":\"R\u00f3lunk - Lokomotiv Bisztr\u00f3 Szolnok\",\"isPartOf\":{\"@id\":\"https:\/\/lokomotivbisztro.hu\/#website\"},\"datePublished\":\"2024-10-13T20:28:36+00:00\",\"dateModified\":\"2024-10-14T10:32:28+00:00\",\"breadcrumb\":{\"@id\":\"https:\/\/lokomotivbisztro.hu\/?page_id=228#breadcrumb\"},\"inLanguage\":\"hu\",\"potentialAction\":[{\"@type\":\"ReadAction\",\"target\":[\"https:\/\/lokomotivbisztro.hu\/?page_id=228\"]}]},{\"@type\":\"BreadcrumbList\",\"@id\":\"https:\/\/lokomotivbisztro.hu\/?page_id=228#breadcrumb\",\"itemListElement\":[{\"@type\":\"ListItem\",\"position\":1,\"name\":\"Kezd\u0151lap\",\"item\":\"https:\/\/lokomotivbisztro.hu\/\"},{\"@type\":\"ListItem\",\"position\":2,\"name\":\"R\u00f3lunk\"}]},{\"@type\":\"WebSite\",\"@id\":\"https:\/\/lokomotivbisztro.hu\/#website\",\"url\":\"https:\/\/lokomotivbisztro.hu\/\",\"name\":\"Lokomotiv Bisztr\u00f3 Szolnok\",\"description\":\"\",\"publisher\":{\"@id\":\"https:\/\/lokomotivbisztro.hu\/#organization\"},\"potentialAction\":[{\"@type\":\"SearchAction\",\"target\":{\"@type\":\"EntryPoint\",\"urlTemplate\":\"https:\/\/lokomotivbisztro.hu\/?s={search_term_string}\"},\"query-input\":{\"@type\":\"PropertyValueSpecification\",\"valueRequired\":true,\"valueName\":\"search_term_string\"}}],\"inLanguage\":\"hu\"},{\"@type\":\"Organization\",\"@id\":\"https:\/\/lokomotivbisztro.hu\/#organization\",\"name\":\"Lokomotiv Bisztr\u00f3 Szolnok\",\"url\":\"https:\/\/lokomotivbisztro.hu\/\",\"logo\":{\"@type\":\"ImageObject\",\"inLanguage\":\"hu\",\"@id\":\"https:\/\/lokomotivbisztro.hu\/#\/schema\/logo\/image\/\",\"url\":\"https:\/\/lokomotivbisztro.hu\/wp-content\/uploads\/2024\/07\/LB-2.png\",\"contentUrl\":\"https:\/\/lokomotivbisztro.hu\/wp-content\/uploads\/2024\/07\/LB-2.png\",\"width\":633,\"height\":792,\"caption\":\"Lokomotiv Bisztr\u00f3 Szolnok\"},\"image\":{\"@id\":\"https:\/\/lokomotivbisztro.hu\/#\/schema\/logo\/image\/\"},\"sameAs\":[\"https:\/\/www.facebook.com\/lokomotivbisztro\"]}]}<\/script>\n<!-- \/ Yoast SEO plugin. -->","yoast_head_json":{"title":"R\u00f3lunk - Lokomotiv Bisztr\u00f3 Szolnok","robots":{"index":"index","follow":"follow","max-snippet":"max-snippet:-1","max-image-preview":"max-image-preview:large","max-video-preview":"max-video-preview:-1"},"canonical":"https:\/\/lokomotivbisztro.hu\/?page_id=228","og_locale":"hu_HU","og_type":"article","og_title":"R\u00f3lunk - Lokomotiv Bisztr\u00f3 Szolnok","og_description":"Kedves vend\u00e9geink &nbsp; &nbsp;C\u00e9g\u00fcnk 20 \u00e9ves tapasztalattal b\u00edr a street-food vend\u00e9gl\u00e1t\u00e1s ter\u00e9n \u00e9s azzal a rem\u00e9nnyel&nbsp; nyitottuk meg \u00faj \u00fczlet\u00fcnket a szolnoki vas\u00fat\u00e1llom\u00e1son hogy a kedves \u00e1tutaz\u00f3 vend\u00e9gek egy ig\u00e9nyes min\u0151s\u00e9gi vend\u00e9gl\u00e1t\u00f3helyen t\u00f6lthess\u00e9k el az idej\u00fcket utaz\u00e1s k\u00f6zben vagy v\u00e1rakoz\u00e1skor, vagy esetleg ak\u00e1r a v\u00e1rosb\u00f3l egy \u00e9tkez\u00e9s alkalm\u00e1ra.&nbsp; A helyet azzal a sz\u00e1nd\u00e9kkal nyitottuk \u00e9s &hellip; Continue reading \"R\u00f3lunk\"","og_url":"https:\/\/lokomotivbisztro.hu\/?page_id=228","og_site_name":"Lokomotiv Bisztr\u00f3 Szolnok","article_publisher":"https:\/\/www.facebook.com\/lokomotivbisztro","article_modified_time":"2024-10-14T10:32:28+00:00","twitter_card":"summary_large_image","twitter_misc":{"Becs\u00fclt olvas\u00e1si id\u0151":"1 perc"},"schema":{"@context":"https:\/\/schema.org","@graph":[{"@type":"WebPage","@id":"https:\/\/lokomotivbisztro.hu\/?page_id=228","url":"https:\/\/lokomotivbisztro.hu\/?page_id=228","name":"R\u00f3lunk - Lokomotiv Bisztr\u00f3 Szolnok","isPartOf":{"@id":"https:\/\/lokomotivbisztro.hu\/#website"},"datePublished":"2024-10-13T20:28:36+00:00","dateModified":"2024-10-14T10:32:28+00:00","breadcrumb":{"@id":"https:\/\/lokomotivbisztro.hu\/?page_id=228#breadcrumb"},"inLanguage":"hu","potentialAction":[{"@type":"ReadAction","target":["https:\/\/lokomotivbisztro.hu\/?page_id=228"]}]},{"@type":"BreadcrumbList","@id":"https:\/\/lokomotivbisztro.hu\/?page_id=228#breadcrumb","itemListElement":[{"@type":"ListItem","position":1,"name":"Kezd\u0151lap","item":"https:\/\/lokomotivbisztro.hu\/"},{"@type":"ListItem","position":2,"name":"R\u00f3lunk"}]},{"@type":"WebSite","@id":"https:\/\/lokomotivbisztro.hu\/#website","url":"https:\/\/lokomotivbisztro.hu\/","name":"Lokomotiv Bisztr\u00f3 Szolnok","description":"","publisher":{"@id":"https:\/\/lokomotivbisztro.hu\/#organization"},"potentialAction":[{"@type":"SearchAction","target":{"@type":"EntryPoint","urlTemplate":"https:\/\/lokomotivbisztro.hu\/?s={search_term_string}"},"query-input":{"@type":"PropertyValueSpecification","valueRequired":true,"valueName":"search_term_string"}}],"inLanguage":"hu"},{"@type":"Organization","@id":"https:\/\/lokomotivbisztro.hu\/#organization","name":"Lokomotiv Bisztr\u00f3 Szolnok","url":"https:\/\/lokomotivbisztro.hu\/","logo":{"@type":"ImageObject","inLanguage":"hu","@id":"https:\/\/lokomotivbisztro.hu\/#\/schema\/logo\/image\/","url":"https:\/\/lokomotivbisztro.hu\/wp-content\/uploads\/2024\/07\/LB-2.png","contentUrl":"https:\/\/lokomotivbisztro.hu\/wp-content\/uploads\/2024\/07\/LB-2.png","width":633,"height":792,"caption":"Lokomotiv Bisztr\u00f3 Szolnok"},"image":{"@id":"https:\/\/lokomotivbisztro.hu\/#\/schema\/logo\/image\/"},"sameAs":["https:\/\/www.facebook.com\/lokomotivbisztro"]}]}},"_links":{"self":[{"href":"https:\/\/lokomotivbisztro.hu\/index.php?rest_route=\/wp\/v2\/pages\/228","targetHints":{"allow":["GET"]}}],"collection":[{"href":"https:\/\/lokomotivbisztro.hu\/index.php?rest_route=\/wp\/v2\/pages"}],"about":[{"href":"https:\/\/lokomotivbisztro.hu\/index.php?rest_route=\/wp\/v2\/types\/page"}],"author":[{"embeddable":true,"href":"https:\/\/lokomotivbisztro.hu\/index.php?rest_route=\/wp\/v2\/users\/1"}],"replies":[{"embeddable":true,"href":"https:\/\/lokomotivbisztro.hu\/index.php?rest_route=%2Fwp%2Fv2%2Fcomments&post=228"}],"version-history":[{"count":4,"href":"https:\/\/lokomotivbisztro.hu\/index.php?rest_route=\/wp\/v2\/pages\/228\/revisions"}],"predecessor-version":[{"id":282,"href":"https:\/\/lokomotivbisztro.hu\/index.php?rest_route=\/wp\/v2\/pages\/228\/revisions\/282"}],"wp:attachment":[{"href":"https:\/\/lokomotivbisztro.hu\/index.php?rest_route=%2Fwp%2Fv2%2Fmedia&parent=228"}],"curies":[{"name":"wp","href":"https:\/\/api.w.org\/{rel}","templated":true}]}}